{"id":554,"date":"2024-09-30T08:21:21","date_gmt":"2024-09-30T06:21:21","guid":{"rendered":"https:\/\/flomoni.sk\/blog?page_id=554"},"modified":"2024-10-28T13:22:13","modified_gmt":"2024-10-28T12:22:13","slug":"o-nas","status":"publish","type":"page","link":"https:\/\/flomoni.sk\/blog\/o-nas\/","title":{"rendered":"O n\u00e1s"},"content":{"rendered":"\t\t<div data-elementor-type=\"wp-page\" data-elementor-id=\"554\" class=\"elementor elementor-554\" data-elementor-post-type=\"page\">\n\t\t\t\t<div class=\"elementor-element elementor-element-d5b00f1 e-flex e-con-boxed e-con e-parent\" data-id=\"d5b00f1\" data-element_type=\"container\">\n\t\t\t\t\t<div class=\"e-con-inner\">\n\t\t<div class=\"elementor-element elementor-element-2a353b6 e-con-full e-flex e-con e-child\" data-id=\"2a353b6\" data-element_type=\"container\">\n\t\t\t\t<div class=\"elementor-element elementor-element-2b6fc7a elementor-widget elementor-widget-image\" data-id=\"2b6fc7a\" data-element_type=\"widget\" data-widget_type=\"image.default\">\n\t\t\t\t<div class=\"elementor-widget-container\">\n\t\t\t<style>\/*! elementor - v3.23.0 - 05-08-2024 *\/\n.elementor-widget-image{text-align:center}.elementor-widget-image a{display:inline-block}.elementor-widget-image a img[src$=\".svg\"]{width:48px}.elementor-widget-image img{vertical-align:middle;display:inline-block}<\/style>\t\t\t\t\t\t\t\t\t\t<img decoding=\"async\" src=\"https:\/\/flomoni.sk\/blog\/wp-content\/uploads\/elementor\/thumbs\/Filter-2-1-qw7tt2qolkwsm2bi652fzysf4qknjhdk0t0mqg5cf4.jpg\" title=\"Pr\u00edle\u017eitosti darovania kvetov\" alt=\"Pr\u00edle\u017eitosti darovania kvetov\" loading=\"lazy\" \/>\t\t\t\t\t\t\t\t\t\t\t\t\t<\/div>\n\t\t\t\t<\/div>\n\t\t\t\t<div class=\"elementor-element elementor-element-83767f0 elementor-widget elementor-widget-icon-box\" data-id=\"83767f0\" data-element_type=\"widget\" data-widget_type=\"icon-box.default\">\n\t\t\t\t<div class=\"elementor-widget-container\">\n\t\t\t<link rel=\"stylesheet\" href=\"https:\/\/flomoni.sk\/blog\/wp-content\/plugins\/elementor\/assets\/css\/widget-icon-box.min.css\">\t\t<div class=\"elementor-icon-box-wrapper\">\n\n\t\t\t\n\t\t\t\t\t\t<div class=\"elementor-icon-box-content\">\n\n\t\t\t\t\t\t\t\t\t<h2 class=\"elementor-icon-box-title\">\n\t\t\t\t\t\t<span  >\n\t\t\t\t\t\t\tPr\u00edbeh FLOMONI pr\u00e1ve za\u010dal\t\t\t\t\t\t<\/span>\n\t\t\t\t\t<\/h2>\n\t\t\t\t\n\t\t\t\t\t\t\t\t\t<p class=\"elementor-icon-box-description\">\n\t\t\t\t\t\t<b>My, parti\u010dka z Flomoni sme \u013eudia ako v\u0161etci in\u00ed, rovnako n\u00e1m do \u017eivota prich\u00e1dza l\u00e1ska, ale rovnako aj odch\u00e1dzaj\u00fa bl\u00edzki. Pr\u00edle\u017eitosti, ktor\u00e9 chceme pre\u017e\u00edva\u0165 s druh\u00fdmi, n\u00e1m vekom prib\u00fadaj\u00fa, no vzdialenosti medzi nami a bl\u00edzkymi sa st\u00e1le zv\u00e4\u010d\u0161uj\u00fa a \u010dasu je st\u00e1le m\u00e1lo.<\/b><br><br>Ka\u017ed\u00fd z n\u00e1s vo svojom \u017eivote pre\u017e\u00edva okamihy, ktor\u00e9 chce zdie\u013ea\u0165 so svojimi bl\u00edzkymi. S\u00fa to tie momenty, ktor\u00e9 n\u00e1s zahrej\u00fa na du\u0161i, \u010di n\u00e1m vtla\u010dia slzy do o\u010d\u00ed.<br>\nA pr\u00e1ve tu vstupuje do hry FLOMONI, na\u0161a <b>inovat\u00edvna platforma<\/b>, ktor\u00fa sme vyvinuli, aby sme vyv\u00e1\u017eili nev\u00fdhody dne\u0161nej upon\u00e1h\u013eanej komplikovanej doby.\n\t\t\t\t\t<\/p>\n\t\t\t\t\n\t\t\t<\/div>\n\t\t\t\n\t\t<\/div>\n\t\t\t\t<\/div>\n\t\t\t\t<\/div>\n\t\t\t\t<\/div>\n\t\t<div class=\"elementor-element elementor-element-55134c8 e-con-full e-flex e-con e-child\" data-id=\"55134c8\" data-element_type=\"container\">\n\t\t\t\t<div class=\"elementor-element elementor-element-3f5973f elementor-widget elementor-widget-image\" data-id=\"3f5973f\" data-element_type=\"widget\" data-widget_type=\"image.default\">\n\t\t\t\t<div class=\"elementor-widget-container\">\n\t\t\t\t\t\t\t\t\t\t\t\t\t<img loading=\"lazy\" decoding=\"async\" width=\"830\" height=\"1241\" src=\"https:\/\/flomoni.sk\/blog\/wp-content\/uploads\/2024\/10\/Smutok.jpg\" class=\"attachment-large size-large wp-image-1038\" alt=\"Sm\u00fatok\" srcset=\"https:\/\/flomoni.sk\/blog\/wp-content\/uploads\/2024\/10\/Smutok.jpg 830w, https:\/\/flomoni.sk\/blog\/wp-content\/uploads\/2024\/10\/Smutok-768x1148.jpg 768w\" sizes=\"auto, (max-width: 830px) 100vw, 830px\" \/>\t\t\t\t\t\t\t\t\t\t\t\t\t<\/div>\n\t\t\t\t<\/div>\n\t\t\t\t<\/div>\n\t\t\t\t\t<\/div>\n\t\t\t\t<\/div>\n\t\t<div class=\"elementor-element elementor-element-e21706d e-flex e-con-boxed e-con e-parent\" data-id=\"e21706d\" data-element_type=\"container\">\n\t\t\t\t\t<div class=\"e-con-inner\">\n\t\t<div class=\"elementor-element elementor-element-d750b12 e-con-full e-flex e-con e-child\" data-id=\"d750b12\" data-element_type=\"container\">\n\t\t\t\t<div class=\"elementor-element elementor-element-558c72e elementor-widget elementor-widget-icon-box\" data-id=\"558c72e\" data-element_type=\"widget\" data-widget_type=\"icon-box.default\">\n\t\t\t\t<div class=\"elementor-widget-container\">\n\t\t\t\t\t<div class=\"elementor-icon-box-wrapper\">\n\n\t\t\t\n\t\t\t\t\t\t<div class=\"elementor-icon-box-content\">\n\n\t\t\t\t\t\t\t\t\t<h2 class=\"elementor-icon-box-title\">\n\t\t\t\t\t\t<span  >\n\t\t\t\t\t\t\t\u010co FLOMONI vlastne je?\t\t\t\t\t\t<\/span>\n\t\t\t\t\t<\/h2>\n\t\t\t\t\n\t\t\t\t\t\t\t\t\t<p class=\"elementor-icon-box-description\">\n\t\t\t\t\t\tV prvom rade je to priestor, prostredn\u00edctvom ktor\u00e9ho m\u00f4\u017eete <b>prejavi\u0165 svoje em\u00f3cie <\/b>najkraj\u0161ie, ako sa len d\u00e1 - kvetmi.<br><br>\nPreto\u017ee my vo FLOMONI sme si ist\u00ed, \u017ee v\u0161etci \u013eudia si zasl\u00fa\u017eia by\u0165 <b>obdarovan\u00ed kr\u00e1snym kvetom<\/b>, \u010di u\u017e ke\u010f na nich niekto s rados\u0165ou, l\u00e1skou \u010di hrdos\u0165ou mysl\u00ed, alebo si na nich s \u00factou a slzou v oku spomenie.<br><br>\nA na FLOMONI v\u00e1m to p\u00f4jde v\u017edy jednoducho a \u013eahko, vlastne na p\u00e1r klikov.\n\t\t\t\t\t<\/p>\n\t\t\t\t\n\t\t\t<\/div>\n\t\t\t\n\t\t<\/div>\n\t\t\t\t<\/div>\n\t\t\t\t<\/div>\n\t\t\t\t<div class=\"elementor-element elementor-element-e3d71e9 elementor-hidden-tablet elementor-hidden-mobile elementor-widget elementor-widget-image\" data-id=\"e3d71e9\" data-element_type=\"widget\" data-widget_type=\"image.default\">\n\t\t\t\t<div class=\"elementor-widget-container\">\n\t\t\t\t\t\t\t\t\t\t\t\t\t<img loading=\"lazy\" decoding=\"async\" width=\"659\" height=\"387\" src=\"https:\/\/flomoni.sk\/blog\/wp-content\/uploads\/2024\/10\/screenshot_5.png\" class=\"attachment-large size-large wp-image-1049\" alt=\"FLOMONI zdru\u017euje a sp\u00e1ja\" \/>\t\t\t\t\t\t\t\t\t\t\t\t\t<\/div>\n\t\t\t\t<\/div>\n\t\t\t\t<\/div>\n\t\t<div class=\"elementor-element elementor-element-7496237 e-con-full e-flex e-con e-child\" data-id=\"7496237\" data-element_type=\"container\">\n\t\t\t\t<div class=\"elementor-element elementor-element-fb41ccd elementor-hidden-tablet elementor-hidden-mobile elementor-widget elementor-widget-image\" data-id=\"fb41ccd\" data-element_type=\"widget\" data-widget_type=\"image.default\">\n\t\t\t\t<div class=\"elementor-widget-container\">\n\t\t\t\t\t\t\t\t\t\t\t\t\t<img loading=\"lazy\" decoding=\"async\" width=\"1262\" height=\"828\" src=\"https:\/\/flomoni.sk\/blog\/wp-content\/uploads\/2024\/10\/darovanie-kvetov-dedkovi.jpg\" class=\"attachment-large size-large wp-image-1086\" alt=\"darovanie kvetov dedkovi\" srcset=\"https:\/\/flomoni.sk\/blog\/wp-content\/uploads\/2024\/10\/darovanie-kvetov-dedkovi.jpg 1262w, https:\/\/flomoni.sk\/blog\/wp-content\/uploads\/2024\/10\/darovanie-kvetov-dedkovi-768x504.jpg 768w\" sizes=\"auto, (max-width: 1262px) 100vw, 1262px\" \/>\t\t\t\t\t\t\t\t\t\t\t\t\t<\/div>\n\t\t\t\t<\/div>\n\t\t\t\t<div class=\"elementor-element elementor-element-a6e34ac elementor-widget elementor-widget-icon-box\" data-id=\"a6e34ac\" data-element_type=\"widget\" data-widget_type=\"icon-box.default\">\n\t\t\t\t<div class=\"elementor-widget-container\">\n\t\t\t\t\t<div class=\"elementor-icon-box-wrapper\">\n\n\t\t\t\n\t\t\t\t\t\t<div class=\"elementor-icon-box-content\">\n\n\t\t\t\t\t\t\t\t\t<h2 class=\"elementor-icon-box-title\">\n\t\t\t\t\t\t<span  >\n\t\t\t\t\t\t\tAko je to mo\u017en\u00e9?\t\t\t\t\t\t<\/span>\n\t\t\t\t\t<\/h2>\n\t\t\t\t\n\t\t\t\t\t\t\t\t\t<p class=\"elementor-icon-box-description\">\n\t\t\t\t\t\tPodstatou FLOMONI je zdru\u017eovanie a prep\u00e1janie.<br><br>\n<b>Zdru\u017eujeme lok\u00e1lnych kvetin\u00e1rov<\/b>, o ktor\u00fdch by ste mo\u017eno ani nevedeli, no na FLOMONI dost\u00e1vaj\u00fa priestor, aby v\u00e1m uk\u00e1zali svoju kreativitu, svoje umenie a kr\u00e1snu pr\u00e1cu s kvetmi. Istota v\u00fdberu na p\u00e1r klikov.<br><br>\n<b>Prep\u00e1jame z\u00e1kazn\u00edkov s lok\u00e1lnymi kvetin\u00e1rmi<\/b>, \u010do n\u00e1m v\u0161etk\u00fdm zjednodu\u0161uje \u017eivot. Va\u0161a kytica cestuje z r\u00fak kvetin\u00e1ra do svojho nov\u00e9ho domova nanajv\u00fd\u0161 p\u00e1r kilometrov a vie pr\u00eds\u0165 presne vtedy, ke\u010f to potrebujete. Istota r\u00fdchlosti na p\u00e1r klikov.<br><br>\n<b>Prep\u00e1jame kvetin\u00e1rstva a pohrebn\u00edctva<\/b> a tak m\u00f4\u017eete prejavi\u0165 svoju \u00factu zosnul\u00e9mu aj bez va\u0161ej \u00fa\u010dasti na pohrebe. Ako? Jednoducho, po\u0161lete kvety priamo na pohreb. Istota doru\u010denia na p\u00e1r klikov.\t\t\t\t\t<\/p>\n\t\t\t\t\n\t\t\t<\/div>\n\t\t\t\n\t\t<\/div>\n\t\t\t\t<\/div>\n\t\t\t\t<\/div>\n\t\t\t\t<\/div>\n\t\t\t\t\t<\/div>\n\t\t\t\t<\/div>\n\t\t<div class=\"elementor-element elementor-element-130c26c e-flex e-con-boxed e-con e-parent\" data-id=\"130c26c\" data-element_type=\"container\" data-settings=\"{&quot;background_background&quot;:&quot;classic&quot;}\">\n\t\t\t\t\t<div class=\"e-con-inner\">\n\t\t<div class=\"elementor-element elementor-element-50bfe52 e-con-full e-flex e-con e-child\" data-id=\"50bfe52\" data-element_type=\"container\">\n\t\t\t\t<div class=\"elementor-element elementor-element-58ee8c0 elementor-widget elementor-widget-heading\" data-id=\"58ee8c0\" data-element_type=\"widget\" data-widget_type=\"heading.default\">\n\t\t\t\t<div class=\"elementor-widget-container\">\n\t\t\t<style>\/*! elementor - v3.23.0 - 05-08-2024 *\/\n.elementor-heading-title{padding:0;margin:0;line-height:1}.elementor-widget-heading .elementor-heading-title[class*=elementor-size-]>a{color:inherit;font-size:inherit;line-height:inherit}.elementor-widget-heading .elementor-heading-title.elementor-size-small{font-size:15px}.elementor-widget-heading .elementor-heading-title.elementor-size-medium{font-size:19px}.elementor-widget-heading .elementor-heading-title.elementor-size-large{font-size:29px}.elementor-widget-heading .elementor-heading-title.elementor-size-xl{font-size:39px}.elementor-widget-heading .elementor-heading-title.elementor-size-xxl{font-size:59px}<\/style><h2 class=\"elementor-heading-title elementor-size-default\">Flomoni je ale ove\u013ea viac<\/h2>\t\t<\/div>\n\t\t\t\t<\/div>\n\t\t\t\t<div class=\"elementor-element elementor-element-022e3d7 elementor-icon-list--layout-traditional elementor-list-item-link-full_width elementor-widget elementor-widget-icon-list\" data-id=\"022e3d7\" data-element_type=\"widget\" data-widget_type=\"icon-list.default\">\n\t\t\t\t<div class=\"elementor-widget-container\">\n\t\t\t<link rel=\"stylesheet\" href=\"https:\/\/flomoni.sk\/blog\/wp-content\/plugins\/elementor\/assets\/css\/widget-icon-list.min.css\">\t\t<ul class=\"elementor-icon-list-items\">\n\t\t\t\t\t\t\t<li class=\"elementor-icon-list-item\">\n\t\t\t\t\t\t\t\t\t\t\t<span class=\"elementor-icon-list-icon\">\n\t\t\t\t\t\t\t<i aria-hidden=\"true\" class=\"fas fa-circle\"><\/i>\t\t\t\t\t\t<\/span>\n\t\t\t\t\t\t\t\t\t\t<span class=\"elementor-icon-list-text\"><b>FLOMONI je partia podnikav\u00fdch a kreat\u00edvnych \u013eud\u00ed<\/b>, ktor\u00ed pos\u00favaj\u00fa limity a hranice, h\u013eadaj\u00fa nov\u00e9 mo\u017enosti a tvoria soci\u00e1lny priestor, ktor\u00fd do nerv\u00f3zneho sveta prin\u00e1\u0161a l\u00e1sku a empatiu<\/span>\n\t\t\t\t\t\t\t\t\t<\/li>\n\t\t\t\t\t\t\t\t<li class=\"elementor-icon-list-item\">\n\t\t\t\t\t\t\t\t\t\t\t<span class=\"elementor-icon-list-icon\">\n\t\t\t\t\t\t\t<i aria-hidden=\"true\" class=\"fas fa-circle\"><\/i>\t\t\t\t\t\t<\/span>\n\t\t\t\t\t\t\t\t\t\t<span class=\"elementor-icon-list-text\"><b>FLOMONI je komunita kreat\u00edvnych kvetin\u00e1rov<\/b>, ktor\u00ed do va\u0161ej kytice vn\u00e1\u0161aj\u00fa svoje predstavy, v\u00edzie \u010di sny, maj\u00fa potrebu sa neust\u00e1le pos\u00fava\u0165 a vzdel\u00e1va\u0165<\/span>\n\t\t\t\t\t\t\t\t\t<\/li>\n\t\t\t\t\t\t<\/ul>\n\t\t\t\t<\/div>\n\t\t\t\t<\/div>\n\t\t\t\t<div class=\"elementor-element elementor-element-dfb2c26 elementor-hidden-desktop elementor-hidden-tablet elementor-hidden-mobile elementor-widget elementor-widget-image\" data-id=\"dfb2c26\" data-element_type=\"widget\" data-widget_type=\"image.default\">\n\t\t\t\t<div class=\"elementor-widget-container\">\n\t\t\t\t\t\t\t\t\t\t\t\t\t<img decoding=\"async\" src=\"https:\/\/flomoni.sk\/blog\/wp-content\/uploads\/2024\/09\/charming-curly-brunette-woman-holds-straw-hat-and-smiles-pretty-lady-in-beige-elegant-dress-poses.jpg\" title=\"\" alt=\"\" loading=\"lazy\" \/>\t\t\t\t\t\t\t\t\t\t\t\t\t<\/div>\n\t\t\t\t<\/div>\n\t\t\t\t<\/div>\n\t\t<div class=\"elementor-element elementor-element-bda01db e-con-full e-flex e-con e-child\" data-id=\"bda01db\" data-element_type=\"container\">\n\t\t\t\t<div class=\"elementor-element elementor-element-c659ad4 elementor-hidden-desktop elementor-hidden-tablet elementor-hidden-mobile elementor-widget elementor-widget-image\" data-id=\"c659ad4\" data-element_type=\"widget\" data-widget_type=\"image.default\">\n\t\t\t\t<div class=\"elementor-widget-container\">\n\t\t\t\t\t\t\t\t\t\t\t\t\t<img decoding=\"async\" src=\"https:\/\/flomoni.sk\/blog\/wp-content\/uploads\/2024\/09\/portrait-of-charming-curly-brunette-woman-in-beige-dress-and-straw-boater-smiles-and-moves-in-beaut.jpg\" title=\"\" alt=\"\" loading=\"lazy\" \/>\t\t\t\t\t\t\t\t\t\t\t\t\t<\/div>\n\t\t\t\t<\/div>\n\t\t\t\t<div class=\"elementor-element elementor-element-e49a1c9 elementor-icon-list--layout-traditional elementor-list-item-link-full_width elementor-widget elementor-widget-icon-list\" data-id=\"e49a1c9\" data-element_type=\"widget\" data-widget_type=\"icon-list.default\">\n\t\t\t\t<div class=\"elementor-widget-container\">\n\t\t\t\t\t<ul class=\"elementor-icon-list-items\">\n\t\t\t\t\t\t\t<li class=\"elementor-icon-list-item\">\n\t\t\t\t\t\t\t\t\t\t\t<span class=\"elementor-icon-list-icon\">\n\t\t\t\t\t\t\t<i aria-hidden=\"true\" class=\"fas fa-circle\"><\/i>\t\t\t\t\t\t<\/span>\n\t\t\t\t\t\t\t\t\t\t<span class=\"elementor-icon-list-text\"><b>FLOMONI je komunita \u013eud\u00ed<\/b>, ktor\u00ed v\u00e1m pom\u00e1haj\u00fa v \u0165a\u017ek\u00fdch chv\u00ed\u013each straty bl\u00edzkeho, kedy potrebujete odbremeni\u0165 od formal\u00edt, spo\u013eahn\u00fa\u0165 sa na profesion\u00e1lov a venova\u0165 sa svojmu \u017eia\u013eu<\/span>\n\t\t\t\t\t\t\t\t\t<\/li>\n\t\t\t\t\t\t\t\t<li class=\"elementor-icon-list-item\">\n\t\t\t\t\t\t\t\t\t\t\t<span class=\"elementor-icon-list-icon\">\n\t\t\t\t\t\t\t<i aria-hidden=\"true\" class=\"fas fa-circle\"><\/i>\t\t\t\t\t\t<\/span>\n\t\t\t\t\t\t\t\t\t\t<span class=\"elementor-icon-list-text\"><b>FLOMONI s\u00fa umelci<\/b>, ktor\u00ed prostredn\u00edctvom svojho jedine\u010dn\u00e9ho stv\u00e1rnenia pr\u00edrodnej kr\u00e1sy pos\u00favaj\u00fa hranice floristiky a vytv\u00e1raj\u00fa umeleck\u00e9 diela dostupn\u00e9 aj pre v\u00e1s<\/span>\n\t\t\t\t\t\t\t\t\t<\/li>\n\t\t\t\t\t\t<\/ul>\n\t\t\t\t<\/div>\n\t\t\t\t<\/div>\n\t\t\t\t<\/div>\n\t\t\t\t\t<\/div>\n\t\t\t\t<\/div>\n\t\t<div class=\"elementor-element elementor-element-d7d4977 e-flex e-con-boxed e-con e-parent\" data-id=\"d7d4977\" data-element_type=\"container\" data-settings=\"{&quot;background_background&quot;:&quot;classic&quot;}\">\n\t\t\t\t\t<div class=\"e-con-inner\">\n\t\t<div class=\"elementor-element elementor-element-2d68318 e-con-full e-flex e-con e-child\" data-id=\"2d68318\" data-element_type=\"container\" data-settings=\"{&quot;background_background&quot;:&quot;classic&quot;}\">\n\t\t\t\t<div class=\"elementor-element elementor-element-a41708b elementor-blockquote--skin-quotation elementor-blockquote--align-center elementor-blockquote--button-color-official elementor-widget elementor-widget-blockquote\" data-id=\"a41708b\" data-element_type=\"widget\" data-widget_type=\"blockquote.default\">\n\t\t\t\t<div class=\"elementor-widget-container\">\n\t\t\t<style>\/*! elementor-pro - v3.23.0 - 05-08-2024 *\/\n@charset \"UTF-8\";.entry-content blockquote.elementor-blockquote:not(.alignright):not(.alignleft),.entry-summary blockquote.elementor-blockquote{margin-right:0;margin-left:0}.elementor-widget-blockquote blockquote{margin:0;padding:0;outline:0;font-size:100%;vertical-align:baseline;background:transparent;quotes:none;border:0;font-style:normal;color:#3f444b}.elementor-widget-blockquote blockquote .e-q-footer:after,.elementor-widget-blockquote blockquote .e-q-footer:before,.elementor-widget-blockquote blockquote:after,.elementor-widget-blockquote blockquote:before,.elementor-widget-blockquote blockquote cite:after,.elementor-widget-blockquote blockquote cite:before{content:none}.elementor-blockquote{transition:.3s}.elementor-blockquote__author,.elementor-blockquote__content{margin-bottom:0;font-style:normal}.elementor-blockquote__author{font-weight:700}.elementor-blockquote .e-q-footer{margin-top:12px;display:flex;justify-content:space-between}.elementor-blockquote__tweet-button{display:flex;transition:.3s;color:#1da1f2;align-self:flex-end;line-height:1;position:relative;width:-moz-max-content;width:max-content}.elementor-blockquote__tweet-button:hover{color:#0967a0}.elementor-blockquote__tweet-button span{font-weight:600}.elementor-blockquote__tweet-button i,.elementor-blockquote__tweet-button span{vertical-align:middle}.elementor-blockquote__tweet-button i+span,.elementor-blockquote__tweet-button svg+span{margin-inline-start:.5em}.elementor-blockquote__tweet-button svg{fill:#1da1f2;height:1em;width:1em}.elementor-blockquote__tweet-label{white-space:pre-wrap}.elementor-blockquote--button-skin-bubble .elementor-blockquote__tweet-button,.elementor-blockquote--button-skin-classic .elementor-blockquote__tweet-button{padding:.7em 1.2em;border-radius:100em;background-color:#1da1f2;color:#fff;font-size:15px}.elementor-blockquote--button-skin-bubble .elementor-blockquote__tweet-button:hover,.elementor-blockquote--button-skin-classic .elementor-blockquote__tweet-button:hover{background-color:#0967a0;color:#fff}.elementor-blockquote--button-skin-bubble .elementor-blockquote__tweet-button:hover:before,.elementor-blockquote--button-skin-classic .elementor-blockquote__tweet-button:hover:before{border-inline-end-color:#0967a0}.elementor-blockquote--button-skin-bubble .elementor-blockquote__tweet-button svg,.elementor-blockquote--button-skin-classic .elementor-blockquote__tweet-button svg{fill:#fff;height:1em;width:1em}.elementor-blockquote--button-skin-bubble.elementor-blockquote--button-view-icon .elementor-blockquote__tweet-button,.elementor-blockquote--button-skin-classic.elementor-blockquote--button-view-icon .elementor-blockquote__tweet-button{padding:0;width:2em;height:2em}.elementor-blockquote--button-skin-bubble.elementor-blockquote--button-view-icon .elementor-blockquote__tweet-button i,.elementor-blockquote--button-skin-classic.elementor-blockquote--button-view-icon .elementor-blockquote__tweet-button i{position:absolute;left:50%;top:50%;transform:translate(-50%,-50%)}.elementor-blockquote--button-skin-bubble .elementor-blockquote__tweet-button:before{content:\"\";border:.5em solid transparent;border-inline-end-color:#1da1f2;position:absolute;left:-.8em;top:50%;transform:translateY(-50%) scaleY(.65);transition:.3s}.elementor-blockquote--button-skin-bubble.elementor-blockquote--align-left .elementor-blockquote__tweet-button:before{right:auto;left:-.8em;border-right-color:#1da1f2;border-left-color:transparent}.elementor-blockquote--button-skin-bubble.elementor-blockquote--align-left .elementor-blockquote__tweet-button:hover:before{border-right-color:#0967a0}.elementor-blockquote--button-skin-bubble.elementor-blockquote--align-right .elementor-blockquote__tweet-button:before{left:auto;right:-.8em;border-right-color:transparent;border-left-color:#1da1f2}.elementor-blockquote--button-skin-bubble.elementor-blockquote--align-right .elementor-blockquote__tweet-button:hover:before{border-left-color:#0967a0}.elementor-blockquote--skin-boxed .elementor-blockquote{background-color:#f9fafa;padding:30px}.elementor-blockquote--skin-border .elementor-blockquote{border-color:#f9fafa;border-style:solid;border-inline-start-width:7px;padding-inline-start:20px}.elementor-blockquote--skin-quotation .elementor-blockquote:before{content:\"\u201c\";font-size:100px;color:#f9fafa;font-family:Times New Roman,Times,serif;font-weight:900;line-height:1;display:block;height:.6em}.elementor-blockquote--skin-quotation .elementor-blockquote__content{margin-top:15px}.elementor-blockquote--align-left .elementor-blockquote__content{text-align:left}.elementor-blockquote--align-left .elementor-blockquote .e-q-footer{flex-direction:row}.elementor-blockquote--align-right .elementor-blockquote__content{text-align:right}.elementor-blockquote--align-right .elementor-blockquote .e-q-footer{flex-direction:row-reverse}.elementor-blockquote--align-center .elementor-blockquote{text-align:center}.elementor-blockquote--align-center .elementor-blockquote .e-q-footer,.elementor-blockquote--align-center .elementor-blockquote__author{display:block}.elementor-blockquote--align-center .elementor-blockquote__tweet-button{margin-right:auto;margin-left:auto}<\/style>\t\t<blockquote class=\"elementor-blockquote\">\n\t\t\t<p class=\"elementor-blockquote__content\">\n\t\t\t\tAle FLOMONI ste hlavne vy, ktor\u00ed v sebe nos\u00edte EM\u00d3CIU, ktor\u00fa na p\u00e1r klikov posielate \u010falej.\t\t\t<\/p>\n\t\t\t\t\t\t\t<div class=\"e-q-footer\">\n\t\t\t\t\t\t\t\t\t\t\t<cite class=\"elementor-blockquote__author\">FLOMONI<\/cite>\n\t\t\t\t\t\t\t\t\t\t\t\t\t\t<\/div>\n\t\t\t\t\t<\/blockquote>\n\t\t\t\t<\/div>\n\t\t\t\t<\/div>\n\t\t\t\t<\/div>\n\t\t\t\t\t<\/div>\n\t\t\t\t<\/div>\n\t\t\t\t<\/div>\n\t\t","protected":false},"excerpt":{"rendered":"<p>Pr\u00edbeh FLOMONI pr\u00e1ve za\u010dal My, parti\u010dka z Flomoni sme \u013eudia ako v\u0161etci in\u00ed, rovnako n\u00e1m do \u017eivota prich\u00e1dza l\u00e1ska, ale rovnako aj odch\u00e1dzaj\u00fa bl\u00edzki. Pr\u00edle\u017eitosti, ktor\u00e9 chceme pre\u017e\u00edva\u0165 s druh\u00fdmi, n\u00e1m vekom prib\u00fadaj\u00fa, no vzdialenosti medzi nami a bl\u00edzkymi sa st\u00e1le zv\u00e4\u010d\u0161uj\u00fa a \u010dasu je st\u00e1le m\u00e1lo. Ka\u017ed\u00fd z n\u00e1s vo svojom \u017eivote pre\u017e\u00edva okamihy, [&hellip;]<\/p>\n","protected":false},"author":5,"featured_media":0,"parent":0,"menu_order":0,"comment_status":"closed","ping_status":"closed","template":"elementor_header_footer","meta":{"_seopress_robots_primary_cat":"","_seopress_titles_title":"","_seopress_titles_desc":"","_seopress_robots_index":"","footnotes":""},"class_list":["post-554","page","type-page","status-publish","hentry"],"_links":{"self":[{"href":"https:\/\/flomoni.sk\/blog\/wp-json\/wp\/v2\/pages\/554","targetHints":{"allow":["GET"]}}],"collection":[{"href":"https:\/\/flomoni.sk\/blog\/wp-json\/wp\/v2\/pages"}],"about":[{"href":"https:\/\/flomoni.sk\/blog\/wp-json\/wp\/v2\/types\/page"}],"author":[{"embeddable":true,"href":"https:\/\/flomoni.sk\/blog\/wp-json\/wp\/v2\/users\/5"}],"replies":[{"embeddable":true,"href":"https:\/\/flomoni.sk\/blog\/wp-json\/wp\/v2\/comments?post=554"}],"version-history":[{"count":55,"href":"https:\/\/flomoni.sk\/blog\/wp-json\/wp\/v2\/pages\/554\/revisions"}],"predecessor-version":[{"id":1089,"href":"https:\/\/flomoni.sk\/blog\/wp-json\/wp\/v2\/pages\/554\/revisions\/1089"}],"wp:attachment":[{"href":"https:\/\/flomoni.sk\/blog\/wp-json\/wp\/v2\/media?parent=554"}],"curies":[{"name":"wp","href":"https:\/\/api.w.org\/{rel}","templated":true}]}}